{"id":162,"date":"2025-09-12T11:45:18","date_gmt":"2025-09-12T09:45:18","guid":{"rendered":"https:\/\/wp.feuerwehr-weissenohe.de\/wordpress\/?page_id=162"},"modified":"2025-09-12T12:51:30","modified_gmt":"2025-09-12T10:51:30","slug":"kontakt","status":"publish","type":"page","link":"https:\/\/wp.feuerwehr-weissenohe.de\/wordpress\/kontakt\/","title":{"rendered":"Kontakt"},"content":{"rendered":"\n<div class=\"wp-block-columns is-layout-flex wp-container-core-columns-is-layout-9d6595d7 wp-block-columns-is-layout-flex\">\n<div class=\"wp-block-column is-layout-flow wp-block-column-is-layout-flow\" style=\"flex-basis:100%\">\n<div class=\"wp-block-group is-vertical is-layout-flex wp-container-core-group-is-layout-68afab4e wp-block-group-is-layout-flex\">\n<h2 class=\"wp-block-heading\">Freiwillige Feuerwehr Wei\u00dfenohe<\/h2>\n\n\n\n<div class=\"wp-block-group is-vertical is-layout-flex wp-container-core-group-is-layout-8cf370e7 wp-block-group-is-layout-flex\">\n<p>Dorfhauserstra\u00dfe 9<\/p>\n\n\n\n<p>91367 Wei\u00dfenohe<\/p>\n<\/div>\n<\/div>\n<\/div>\n<\/div>\n\n\n\n<div class=\"wp-block-columns is-layout-flex wp-container-core-columns-is-layout-9d6595d7 wp-block-columns-is-layout-flex\">\n<div class=\"wp-block-column is-layout-flow wp-block-column-is-layout-flow\" style=\"flex-basis:100%\">\n<div class=\"wp-block-group is-vertical is-layout-flex wp-container-core-group-is-layout-68afab4e wp-block-group-is-layout-flex\">\n<h3 class=\"wp-block-heading\">Vorstand:<\/h3>\n\n\n\n<p>Christian Schwarz<\/p>\n\n\n\n<p>E-mail: <a href=\"mailto:vorstand@feuerwehr-weissenohe.de\">vorstand@feuerwehr-weissenohe.de<\/a><\/p>\n<\/div>\n<\/div>\n<\/div>\n\n\n\n<div class=\"wp-block-columns is-layout-flex wp-container-core-columns-is-layout-9d6595d7 wp-block-columns-is-layout-flex\">\n<div class=\"wp-block-column is-layout-flow wp-block-column-is-layout-flow\" style=\"flex-basis:100%\">\n<div class=\"wp-block-group is-vertical is-layout-flex wp-container-core-group-is-layout-68afab4e wp-block-group-is-layout-flex\">\n<h3 class=\"wp-block-heading\">Kommandant:<\/h3>\n\n\n\n<p>Markus Pfister<\/p>\n\n\n\n<p>E-Mail: <a href=\"mailto:kommandant@feuerwehr-weissenohe.de\">kommandant@feuerwehr-weissenohe.de<\/a><\/p>\n<\/div>\n<\/div>\n<\/div>\n\n\n\n<p><\/p>\n","protected":false},"excerpt":{"rendered":"<p>Freiwillige Feuerwehr Wei\u00dfenohe Dorfhauserstra\u00dfe 9 91367 Wei\u00dfenohe Vorstand: Christian Schwarz E-mail: vorstand@feuerwehr-weissenohe.de Kommandant: Markus Pfister E-Mail: kommandant@feuerwehr-weissenohe.de<\/p>\n","protected":false},"author":1,"featured_media":0,"parent":0,"menu_order":0,"comment_status":"closed","ping_status":"closed","template":"","meta":{"footnotes":""},"class_list":["post-162","page","type-page","status-publish","hentry"],"_links":{"self":[{"href":"https:\/\/wp.feuerwehr-weissenohe.de\/wordpress\/wp-json\/wp\/v2\/pages\/162","targetHints":{"allow":["GET"]}}],"collection":[{"href":"https:\/\/wp.feuerwehr-weissenohe.de\/wordpress\/wp-json\/wp\/v2\/pages"}],"about":[{"href":"https:\/\/wp.feuerwehr-weissenohe.de\/wordpress\/wp-json\/wp\/v2\/types\/page"}],"author":[{"embeddable":true,"href":"https:\/\/wp.feuerwehr-weissenohe.de\/wordpress\/wp-json\/wp\/v2\/users\/1"}],"replies":[{"embeddable":true,"href":"https:\/\/wp.feuerwehr-weissenohe.de\/wordpress\/wp-json\/wp\/v2\/comments?post=162"}],"version-history":[{"count":8,"href":"https:\/\/wp.feuerwehr-weissenohe.de\/wordpress\/wp-json\/wp\/v2\/pages\/162\/revisions"}],"predecessor-version":[{"id":174,"href":"https:\/\/wp.feuerwehr-weissenohe.de\/wordpress\/wp-json\/wp\/v2\/pages\/162\/revisions\/174"}],"wp:attachment":[{"href":"https:\/\/wp.feuerwehr-weissenohe.de\/wordpress\/wp-json\/wp\/v2\/media?parent=162"}],"curies":[{"name":"wp","href":"https:\/\/api.w.org\/{rel}","templated":true}]}}